{"id":776,"date":"2026-02-14T20:52:27","date_gmt":"2026-02-14T19:52:27","guid":{"rendered":"https:\/\/topbarber.al\/?post_type=product&#038;p=776"},"modified":"2026-02-15T21:56:02","modified_gmt":"2026-02-15T20:56:02","slug":"paketa-fillestare","status":"publish","type":"product","link":"https:\/\/topbarber.al\/?product=paketa-fillestare","title":{"rendered":"Paketa Fillestare"},"content":{"rendered":"<p>Kalendari online, aplikacion p\u00ebr klient\u00eb dhe biznes (1 p\u00ebrdorues), kujtesa automatike falas dhe mb\u00ebshtetje p\u00ebrmes Email &#038; WhatsApp.<\/p>\n","protected":false},"excerpt":{"rendered":"<p>Kalendari online, aplikacion p\u00ebr klient\u00eb dhe biznes (1 p\u00ebrdorues), kujtesa automatike falas dhe mb\u00ebshtetje p\u00ebrmes Email &#038; WhatsApp.<\/p>\n","protected":false},"featured_media":437,"comment_status":"open","ping_status":"closed","template":"","meta":{"om_disable_all_campaigns":false,"_monsterinsights_skip_tracking":false,"_monsterinsights_sitenote_active":false,"_monsterinsights_sitenote_note":"","_monsterinsights_sitenote_category":0},"product_brand":[78],"product_cat":[77,17],"product_tag":[80,79],"class_list":{"0":"post-776","1":"product","2":"type-product","3":"status-publish","4":"has-post-thumbnail","6":"product_brand-topbarber-al","7":"product_cat-abonim-mujor","8":"product_cat-uncategorized","9":"product_tag-abonim-1-vjeqar","10":"product_tag-abonim-mujor","12":"first","13":"instock","14":"sale","15":"taxable","16":"shipping-taxable","17":"purchasable","18":"product-type-simple"},"aioseo_notices":[],"_links":{"self":[{"href":"https:\/\/topbarber.al\/index.php?rest_route=\/wp\/v2\/product\/776","targetHints":{"allow":["GET"]}}],"collection":[{"href":"https:\/\/topbarber.al\/index.php?rest_route=\/wp\/v2\/product"}],"about":[{"href":"https:\/\/topbarber.al\/index.php?rest_route=\/wp\/v2\/types\/product"}],"replies":[{"embeddable":true,"href":"https:\/\/topbarber.al\/index.php?rest_route=%2Fwp%2Fv2%2Fcomments&post=776"}],"wp:featuredmedia":[{"embeddable":true,"href":"https:\/\/topbarber.al\/index.php?rest_route=\/wp\/v2\/media\/437"}],"wp:attachment":[{"href":"https:\/\/topbarber.al\/index.php?rest_route=%2Fwp%2Fv2%2Fmedia&parent=776"}],"wp:term":[{"taxonomy":"product_brand","embeddable":true,"href":"https:\/\/topbarber.al\/index.php?rest_route=%2Fwp%2Fv2%2Fproduct_brand&post=776"},{"taxonomy":"product_cat","embeddable":true,"href":"https:\/\/topbarber.al\/index.php?rest_route=%2Fwp%2Fv2%2Fproduct_cat&post=776"},{"taxonomy":"product_tag","embeddable":true,"href":"https:\/\/topbarber.al\/index.php?rest_route=%2Fwp%2Fv2%2Fproduct_tag&post=776"}],"curies":[{"name":"wp","href":"https:\/\/api.w.org\/{rel}","templated":true}]}}